{"id":2538,"date":"2024-07-26T10:02:00","date_gmt":"2024-07-26T10:02:00","guid":{"rendered":"http:\/\/ccb.cd\/?page_id=2538"},"modified":"2024-07-26T10:04:43","modified_gmt":"2024-07-26T10:04:43","slug":"conditions-generales","status":"publish","type":"page","link":"https:\/\/ccb.cd\/en\/conditions-generales\/","title":{"rendered":"Conditions G\u00e9n\u00e9rales"},"content":{"rendered":"\t\t<div data-elementor-type=\"wp-page\" data-elementor-id=\"2538\" class=\"elementor elementor-2538\" data-elementor-post-type=\"page\">\n\t\t\t\t<div class=\"elementor-element elementor-element-492cd436 e-flex e-con-boxed e-con e-parent\" data-id=\"492cd436\" data-element_type=\"container\" data-e-type=\"container\">\n\t\t\t\t\t<div class=\"e-con-inner\">\n\t\t\t\t<div class=\"elementor-element elementor-element-4d1be2d7 elementor-widget elementor-widget-text-editor\" data-id=\"4d1be2d7\" data-element_type=\"widget\" data-e-type=\"widget\" data-widget_type=\"text-editor.default\">\n\t\t\t\t<div class=\"elementor-widget-container\">\n\t\t\t\t\t\t\t\t\t\n<p><strong>Date d&rsquo;entr\u00e9e en vigueur :<\/strong> [26\/07\/2024]<\/p>\n\n<p>Bienvenue sur <a href=\"http:\/\/ccb.cd\">www.ccb.cd<\/a>. En acc\u00e9dant ou en utilisant notre site web, vous acceptez de vous conformer et d&rsquo;\u00eatre li\u00e9 par les conditions g\u00e9n\u00e9rales suivantes. Veuillez lire attentivement ces conditions. Si vous n&rsquo;acceptez pas une partie de ces conditions g\u00e9n\u00e9rales, vous ne devez pas utiliser notre site web.<\/p>\n\n<p><strong>1. Acceptation des Conditions<\/strong><\/p>\n\n<p>En utilisant <a href=\"http:\/\/ccb.cd\">www.ccb.cd<\/a>, vous acceptez ces conditions g\u00e9n\u00e9rales, y compris notre Politique de Confidentialit\u00e9. Ces conditions s&rsquo;appliquent \u00e0 tous les visiteurs, utilisateurs et autres personnes qui acc\u00e8dent ou utilisent notre site web.<\/p>\n\n<p><strong>2. Modifications des Conditions<\/strong><\/p>\n\n<p>Nous nous r\u00e9servons le droit de modifier ou de remplacer ces conditions \u00e0 tout moment. Toute modification sera effective imm\u00e9diatement apr\u00e8s sa publication sur notre site web. Votre utilisation continue du site web apr\u00e8s toute modification signifie votre acceptation des nouvelles conditions.<\/p>\n\n<p><strong>3. Utilisation du Site Web<\/strong><\/p>\n\n<p>Vous acceptez d&rsquo;utiliser le site web uniquement \u00e0 des fins l\u00e9gales et de mani\u00e8re \u00e0 ne pas enfreindre les droits, restreindre ou inhiber l&rsquo;utilisation et la jouissance du site web par d&rsquo;autres. Les comportements interdits incluent le harc\u00e8lement ou la cause de d\u00e9tresse ou d&rsquo;inconfort \u00e0 toute personne, la transmission de contenu obsc\u00e8ne ou offensant, ou la perturbation du flux normal du dialogue sur notre site web.<\/p>\n\n<p><strong>4. Propri\u00e9t\u00e9 Intellectuelle<\/strong><\/p>\n\n<p>Tout le contenu de <a href=\"http:\/\/ccb.cd\">www.ccb.cd<\/a>, y compris les textes, graphiques, logos, images et logiciels, est la propri\u00e9t\u00e9 de CCB ou de ses fournisseurs de contenu et est prot\u00e9g\u00e9 par les lois internationales sur le droit d&rsquo;auteur. Vous ne pouvez pas reproduire, distribuer ou cr\u00e9er des \u0153uvres d\u00e9riv\u00e9es de tout contenu trouv\u00e9 sur ce site web sans notre consentement \u00e9crit expr\u00e8s.<\/p>\n\n<p><strong>5. Comptes Utilisateurs<\/strong><\/p>\n\n<p>Pour acc\u00e9der \u00e0 certaines fonctionnalit\u00e9s de notre site web, vous devrez peut-\u00eatre cr\u00e9er un compte utilisateur. Vous acceptez de fournir des informations exactes, actuelles et compl\u00e8tes lors du processus d&rsquo;inscription et de mettre \u00e0 jour ces informations pour les garder exactes, actuelles et compl\u00e8tes. Vous \u00eates responsable de la confidentialit\u00e9 de votre mot de passe de compte et de toutes les activit\u00e9s qui se produisent sous votre compte. Vous acceptez de nous informer imm\u00e9diatement de toute utilisation non autoris\u00e9e de votre compte.<\/p>\n\n<p><strong>6. Confidentialit\u00e9<\/strong><\/p>\n\n<p>Votre utilisation de notre site web est \u00e9galement r\u00e9gie par notre Politique de Confidentialit\u00e9, qui peut \u00eatre consult\u00e9e <a href=\"http:\/\/ccb.cd\/privacy-policy\/\">Politique de Confidentialit\u00e9<\/a>. Veuillez consulter notre Politique de Confidentialit\u00e9 pour obtenir des informations sur la mani\u00e8re dont nous collectons, utilisons et divulguons les informations de nos utilisateurs.<\/p>\n\n<p><strong>7. Limitation de Responsabilit\u00e9<\/strong><\/p>\n\n<p>Dans la mesure maximale permise par la loi, <a href=\"http:\/\/ccb.cd\">www.ccb.cd<\/a> et ses affili\u00e9s, dirigeants, directeurs, employ\u00e9s, agents et conc\u00e9dants de licence ne seront pas responsables de tout dommage indirect, incident, sp\u00e9cial, cons\u00e9cutif ou punitif, ou de toute perte de profits ou de revenus, qu&rsquo;ils soient encourus directement ou indirectement, ou de toute perte de donn\u00e9es, d&rsquo;utilisation, de bonne volont\u00e9 ou d&rsquo;autres pertes intangibles, r\u00e9sultant de :<\/p>\n\n<ul class=\"wp-block-list\">\n<li>Votre acc\u00e8s \u00e0 ou utilisation de ou incapacit\u00e9 \u00e0 acc\u00e9der ou utiliser le site web;<\/li>\n\n<li>Toute conduite ou contenu de tout tiers sur le site web;<\/li>\n\n<li>Tout contenu obtenu \u00e0 partir du site web; et<\/li>\n\n<li>L&rsquo;acc\u00e8s, l&rsquo;utilisation ou l&rsquo;alt\u00e9ration non autoris\u00e9s de vos transmissions ou contenu.<\/li>\n<\/ul>\n\n<p><strong>8. Indemnisation<\/strong><\/p>\n\n<p>Vous acceptez de d\u00e9fendre, indemniser et tenir indemne <a href=\"http:\/\/ccb.cd\">www.ccb.cd<\/a> et ses affili\u00e9s, dirigeants, directeurs, employ\u00e9s, agents et conc\u00e9dants de licence contre et de toute r\u00e9clamation, dommages, obligations, pertes, responsabilit\u00e9s, co\u00fbts ou dettes, et d\u00e9penses (y compris mais sans s&rsquo;y limiter les frais d&rsquo;avocat) r\u00e9sultant de :<\/p>\n\n<ul class=\"wp-block-list\">\n<li>Votre utilisation de et acc\u00e8s au site web;<\/li>\n\n<li>Votre violation de toute condition de ces conditions g\u00e9n\u00e9rales;<\/li>\n\n<li>Votre violation de tout droit de tiers, y compris sans limitation tout droit d&rsquo;auteur, de propri\u00e9t\u00e9 ou de confidentialit\u00e9; ou<\/li>\n\n<li>Toute r\u00e9clamation selon laquelle votre contenu a caus\u00e9 des dommages \u00e0 un tiers.<\/li>\n<\/ul>\n\n<p><strong>9. Droit Applicable<\/strong><\/p>\n\n<p>Ces conditions g\u00e9n\u00e9rales sont r\u00e9gies par et interpr\u00e9t\u00e9es conform\u00e9ment aux lois de la R\u00e9publique D\u00e9mocratique du Congo, sans tenir compte de ses principes de conflit de lois. Vous acceptez de vous soumettre \u00e0 la juridiction personnelle et exclusive des tribunaux situ\u00e9s \u00e0 Kinshasa pour r\u00e9soudre tout litige ou r\u00e9clamation d\u00e9coulant de ces conditions.<\/p>\n\n<p><strong>10. R\u00e9siliation<\/strong><\/p>\n\n<p>Nous nous r\u00e9servons le droit de r\u00e9silier ou de suspendre votre compte et l&rsquo;acc\u00e8s \u00e0 notre site web, sans pr\u00e9avis ni responsabilit\u00e9, pour quelque raison que ce soit, y compris sans limitation si vous enfreignez les conditions g\u00e9n\u00e9rales.<\/p>\n\n<p><strong>11. Accord Complet<\/strong><\/p>\n\n<p>Ces conditions g\u00e9n\u00e9rales constituent l&rsquo;int\u00e9gralit\u00e9 de l&rsquo;accord entre vous et <a href=\"http:\/\/ccb.cd\">www.ccb.cd<\/a> concernant votre utilisation du site web, rempla\u00e7ant tout accord ant\u00e9rieur entre vous et <a href=\"http:\/\/ccb.cd\">www.ccb.cd<\/a>.<\/p>\n\n<p><strong>12. Coordonn\u00e9es<\/strong><\/p>\n\n<p>Si vous avez des questions concernant ces conditions g\u00e9n\u00e9rales, veuillez nous contacter \u00e0 :<\/p>\n\n<ul class=\"wp-block-list\">\n<li>Email : <a>contact@ccb.cd<\/a><\/li>\n<\/ul>\n\t\t\t\t\t\t\t\t<\/div>\n\t\t\t\t<\/div>\n\t\t\t\t\t<\/div>\n\t\t\t\t<\/div>\n\t\t\t\t<\/div>\n\t\t","protected":false},"excerpt":{"rendered":"<p>Date d&rsquo;entr\u00e9e en vigueur : [26\/07\/2024] Bienvenue sur www.ccb.cd. En acc\u00e9dant ou en utilisant notre site web, vous acceptez de vous conformer et d&rsquo;\u00eatre li\u00e9 par les conditions g\u00e9n\u00e9rales suivantes. Veuillez lire attentivement ces conditions. Si vous n&rsquo;acceptez pas une partie de ces conditions g\u00e9n\u00e9rales, vous ne devez pas utiliser notre site web. 1. Acceptation [&hellip;]<\/p>\n","protected":false},"author":0,"featured_media":0,"parent":0,"menu_order":0,"comment_status":"closed","ping_status":"closed","template":"","meta":{"footnotes":""},"class_list":["post-2538","page","type-page","status-publish","hentry"],"blocksy_meta":[],"_links":{"self":[{"href":"https:\/\/ccb.cd\/en\/wp-json\/wp\/v2\/pages\/2538","targetHints":{"allow":["GET"]}}],"collection":[{"href":"https:\/\/ccb.cd\/en\/wp-json\/wp\/v2\/pages"}],"about":[{"href":"https:\/\/ccb.cd\/en\/wp-json\/wp\/v2\/types\/page"}],"replies":[{"embeddable":true,"href":"https:\/\/ccb.cd\/en\/wp-json\/wp\/v2\/comments?post=2538"}],"version-history":[{"count":9,"href":"https:\/\/ccb.cd\/en\/wp-json\/wp\/v2\/pages\/2538\/revisions"}],"predecessor-version":[{"id":2547,"href":"https:\/\/ccb.cd\/en\/wp-json\/wp\/v2\/pages\/2538\/revisions\/2547"}],"wp:attachment":[{"href":"https:\/\/ccb.cd\/en\/wp-json\/wp\/v2\/media?parent=2538"}],"curies":[{"name":"wp","href":"https:\/\/api.w.org\/{rel}","templated":true}]}}