{"id":2604,"date":"2024-10-14T23:57:37","date_gmt":"2024-10-14T23:57:37","guid":{"rendered":"http:\/\/ccb.cd\/?page_id=2604"},"modified":"2024-10-15T01:05:57","modified_gmt":"2024-10-15T01:05:57","slug":"offres-demploi","status":"publish","type":"page","link":"https:\/\/ccb.cd\/en\/offres-demploi\/","title":{"rendered":"Offres d&#8217;emploi"},"content":{"rendered":"\t\t<div data-elementor-type=\"wp-page\" data-elementor-id=\"2604\" class=\"elementor elementor-2604\" data-elementor-post-type=\"page\">\n\t\t\t\t<div class=\"elementor-element elementor-element-89d3bb5 e-flex e-con-boxed e-con e-parent\" data-id=\"89d3bb5\" data-element_type=\"container\" data-e-type=\"container\">\n\t\t\t\t\t<div class=\"e-con-inner\">\n\t\t<div class=\"elementor-element elementor-element-b58578e e-con-full e-flex e-con e-child\" data-id=\"b58578e\" data-element_type=\"container\" data-e-type=\"container\">\n\t\t\t\t<div class=\"elementor-element elementor-element-cd7295b elementor-widget elementor-widget-heading\" data-id=\"cd7295b\" data-element_type=\"widget\" data-e-type=\"widget\" data-widget_type=\"heading.default\">\n\t\t\t\t<div class=\"elementor-widget-container\">\n\t\t\t\t\t<h2 class=\"elementor-heading-title elementor-size-default\">Consultant en \u00e9laboration du plan\nstrategique et plan d\u2019action<\/h2>\t\t\t\t<\/div>\n\t\t\t\t<\/div>\n\t\t\t\t<div class=\"elementor-element elementor-element-086386d elementor-widget elementor-widget-text-editor\" data-id=\"086386d\" data-element_type=\"widget\" data-e-type=\"widget\" data-widget_type=\"text-editor.default\">\n\t\t\t\t<div class=\"elementor-widget-container\">\n\t\t\t\t\t\t\t\t\t<div class=\"page\" title=\"Page 1\"><div class=\"layoutArea\"><div class=\"column\"><p>1. Contexte et justification<\/p><p>Le Conseil Congolais de la batterie (CCB), e\u0301tablissement public cre\u0301e\u0301 par de\u0301cret n\u00b022\/43 du 06 de\u0301cembre 2022. Il a pour mission la gestion de la chai\u0302ne de valeur des batteries et des ve\u0301hicules e\u0301lectriques ainsi que des e\u0301nergies propres.<\/p><p>Le CCB, de\u0301ja\u0300 ope\u0301rationnel sur terrain, dans le souci de re\u0301alisation de sa mission, de\u0301cide d\u2019assurer la planification strate\u0301gique et ope\u0301rationnelle de ses activite\u0301s en vue d\u2019une coordination efficace et efficiente de toutes ses interventions. C\u2019est dans ce cadre que le CCB a rec\u0327u un appui technique et financier de son partenaire l\u2019USAID pour l\u2019e\u0301laboration d\u2019un Plan Strate\u0301gique et un Plan d\u2019Action pour le de\u0301veloppement de la chai\u0302ne de valeur des batteries et ve\u0301hicules e\u0301lectriques et des e\u0301nergies propres en Re\u0301publique De\u0301mocratique du Congo. Le CCB, a\u0300 travers les pre\u0301sents Termes de Re\u0301fe\u0301rence (TDR), manifeste la volonte\u0301 d\u2019utiliser une partie de fonds rec\u0327us pour financer le contrat de service relatif au recrutement d\u2019un consultant individuel et\/ou un cabinet des consultants.<\/p><p>2. Objectifs<\/p><div class=\"page\" title=\"Page 2\"><div class=\"layoutArea\"><div class=\"column\"><p>Globalement, le recrutement d\u2019un prestataire, personne physique ou morale, vise a\u0300 doter le CCB d\u2019un plan strate\u0301gique et un plan d\u2019action pour le de\u0301veloppement de la chai\u0302ne de valeur des batteries et ve\u0301hicules e\u0301lectriques, et des e\u0301nergies propres.<\/p><p>De manie\u0300re spe\u0301cifique, il s\u2019agit de :<\/p><p>\u27a2 Elaborer le cadre strate\u0301gique mettant l\u2019accent sur la mission, la vision, les valeurs et les orientations strate\u0301giques de CCB ;<\/p><p>\u27a2 Concevoir et rendre disponible le plan d\u2019actions budge\u0301tise\u0301 du plan strate\u0301gique.<\/p><p>3. Re\u0301sultats attendus<\/p><p>Les re\u0301sultats attendus sont :<\/p><ul><li><p>&#8211; \u00a0Le cadre le\u0301gal et fonctionnel du CCB est de\u0301fini ;<\/p><\/li><li><p>&#8211; \u00a0Le cadre normatif de la chai\u0302ne de valeur des batteries et ve\u0301hicules strate\u0301giques en RDC est de\u0301fini ;<\/p><\/li><li><p>&#8211; \u00a0Les orientations et axes strate\u0301gique du CCB sont identifie\u0301s ;<\/p><\/li><li><p>&#8211; \u00a0Une strate\u0301gie de gestion de ressources utiles pour la fabrication des batteries e\u0301lectriques est de\u0301veloppe\u0301e ;<\/p><\/li><li><p>&#8211; \u00a0Les me\u0301canismes de plaidoyer, sensibilisation, formation, recherche et<\/p><p>innovation pour CCB sont de\u0301veloppe\u0301s ;<\/p><\/li><li><p>&#8211; \u00a0Les actions de vulgarisation et commercialisation des batteries e\u0301lectriques et autres produits de la chai\u0302ne des batteries et e\u0301nergies propres sont de\u0301finies ;<\/p><\/li><li><p>&#8211; \u00a0Le cadre de performance du plan strate\u0301gique de CCB est e\u0301labore\u0301;<\/p><\/li><li><p>&#8211; \u00a0Les me\u0301canismes de mise en \u0153uvre et de suivi-e\u0301valuation du plan strate\u0301gique sont propose\u0301s ;<\/p><\/li><\/ul><p>&#8211; \u00a0Cadre de partenariat gagnant-gagnant entre CCB et les industries et autres institutions ou organisation engage\u0301es dans le processus de promotion de la chai\u0302ne de valeur des batteries et ve\u0301hicules e\u0301lectriques est de\u0301veloppe\u0301.<\/p><p>4. Me\u0301thodologie<\/p><p>Le consultant proposera une me\u0301thodologie assurant une de\u0301marche inclusive et participative durant toute sa mission. Il aura a\u0300 conduire un processus consultatif afin d\u2019e\u0301tablir une analyse approfondie de la situation et d\u2019identifier les axes strate\u0301giques, les actions concre\u0300tes a\u0300 mener. Les e\u0301le\u0301ments me\u0301thodologiques suivants seront notamment a\u0300 conside\u0301rer :<\/p><ol><li>L\u2019entretien avec les membres de l\u2019e\u0301quipe de direction de CCB ;<\/li><li>L\u2019examen et analyse de documents existants portant sur les missions et fonctionnement de CCB ;<\/li><li>Collecte des donne\u0301es et informations aupre\u0300s des institutions, entreprises ou industries et autres structures partenaires de CCB ;<\/li><li>Examen et analyse des documents de projet \u00abchai\u0302ne de valeur des batteries et ve\u0301hicules e\u0301lectriques et d\u2019e\u0301nergies propres \u00bbau niveau de CCB ;<\/li><\/ol><div class=\"page\" title=\"Page 3\"><div class=\"layoutArea\"><div class=\"column\"><p>Le consultant pourra e\u0301ventuellement effectuer des voyages a\u0300 l\u2019inte\u0301rieur du pays afin de rencontrer des acteurs et structures locales implique\u0301es dans la chai\u0302ne de valeur de batteries e\u0301lectriques.<\/p><p>5. Livrables<\/p><ol><li>Le rapport initial de de\u0301marrage synthe\u0301tisant la revue documentaire et de\u0301crivant la me\u0301thodologie de travail et les outils de collecte de donne\u0301es. Ce rapport doit e\u0302tre accompagne\u0301 d\u2019un plan de mise en \u0153uvre de la mission et son chronogramme. Ce rapport initial sera pre\u0301sente\u030110 jours apre\u0300s la signature de contrat entre le CCB et le consultant ;<\/li><li><p>Rapport synthe\u0300se global des entretiens avec tous les acteurs contacte\u0301s ;<\/p><\/li><li><p>Le premier draft du plan strate\u0301gique et du plan d\u2019action ;<\/p><\/li><li><p>La version finale du plan strate\u0301gique et du plan d\u2019action.<\/p><\/li><\/ol><p>6. Modalite\u0301s de soumission des candidatures<\/p><p>Les manifestations d\u2019inte\u0301re\u0302t re\u0301dige\u0301es en langue franc\u0327aise doivent e\u0302tre de\u0301pose\u0301es au 6e\u0300me e\u0301tage de l\u2019Immeuble Ecobank sur N\u00b0 2, avenue Kasa-vubu, et envoye\u0301es par courrier e\u0301lectronique a\u0300 l\u2019adresse e\u0301lectronique <strong>Contact@ccb.cd<\/strong> au plus tard le <strong>18 octobre 2024 a\u0300 17h00<\/strong> et porter expresse\u0301ment la mention : \u00abRecrutement d\u2019un consultant pour l\u2019e\u0301laboration du plan strate\u0301gique et du plan d\u2019action du Conseil Congolais de la Batterie (CCB). \u00bb<\/p><p>Les candidats inte\u0301resse\u0301s par le pre\u0301sent appel a\u0300candidature sont prie\u0301s de produire les informations sur leurs capacite\u0301s et expe\u0301riences attestant leurs qualifications dans le dossier de candidature comprenant les pie\u0300ces suivantes :<\/p><ul><li><p>Une lettre de motivation de\u0301crivant la me\u0301thodologie, le calendrier de travail et au besoin la proposition de re\u0301mune\u0301ration financie\u0300re,<\/p><\/li><li><p>Le(s) curriculum vitae date\u0301 et signe\u0301 ainsi qu\u2019une copie du (des) diplo\u0302me(s) de la personne et\/ou des personnes a\u0300charge de la re\u0301alisation de la ta\u0302che,<\/p><\/li><li><p>L\u2019offre technique et l\u2019offre financie\u0300re pour la re\u0301alisation de la mission de consultance ;<\/p><\/li><li><p>Les re\u0301fe\u0301rences techniques des travaux similaires.<\/p><\/li><\/ul><p>7. Profils de soumissionnaire<\/p><div class=\"page\" title=\"Page 4\"><div class=\"layoutArea\"><div class=\"column\"><ul><li><p>Diplo\u0302me\u0301 de Bac+5 dans le domaine de planification strate\u0301gique ou dans le domaine similaire ;<\/p><\/li><li><p>Expertise ave\u0301re\u0301e dans l\u2019e\u0301laboration des plans strate\u0301giques avec des expe\u0301riences ve\u0301rifiables des travaux re\u0301alise\u0301s dans le me\u0302me domaine ou des domaines tre\u0300s similaires ;<\/p><\/li><li><p>Connaissance approfondie des enjeux locaux, re\u0301gionaux et internationaux lie\u0301s a\u0300 la transition e\u0301nerge\u0301tique et au de\u0301veloppement des chai\u0302nes de valeur industrielles et commerciales ;<\/p><\/li><li><p>Connaissance approfondie de chai\u0302nes des approvisionnements minerais strate\u0301giques en RDC ;<\/p><\/li><li><p>E\u0302tre capable de travailler et de se de\u0301placer a\u0300 l\u2019inte\u0301rieur du pays ;<\/p><\/li><li><p>Engagement envers la production des re\u0301sultats significatifs dans les de\u0301lais ;<\/p><\/li><li><p>Curriculum vitae du consultant et\/ou des personnes en charge du travail avec les de\u0301tails importants (expe\u0301rience professionnelle) relatifs au travail a\u0300 re\u0301aliser<\/p><\/li><\/ul><p>8. Dure\u0301e du contrat<br \/>Les services pre\u0301vus au titre de ce contrat sont pre\u0301vus pour une dure\u0301e de cinquante (50) jours a\u0300 dater de la signature du contrat.<\/p><p>9. Evaluation de dossiers de candidatures<\/p><p>Le classement sur la liste sera e\u0301tabli sur base de la qualification (niveau d\u2019e\u0301tudes), des expe\u0301riences passe\u0301es et du nombre des travaux analogues re\u0301alise\u0301s, de la proposition (offre) technique et financie\u0300re.<\/p><p>10. Adresses<\/p><p>Les Consultants inte\u0301resse\u0301s peuvent obtenir des informations supple\u0301mentaires en rapport avec les Termes De Re\u0301fe\u0301rences au bureau du Conseil Congolais de la Batterie.<\/p><\/div><\/div><\/div><\/div><\/div><\/div><\/div><\/div><\/div><\/div><\/div><\/div>\t\t\t\t\t\t\t\t<\/div>\n\t\t\t\t<\/div>\n\t\t\t\t<\/div>\n\t\t<div class=\"elementor-element elementor-element-bfa7768 e-con-full e-flex e-con e-child\" data-id=\"bfa7768\" data-element_type=\"container\" data-e-type=\"container\">\n\t\t\t\t<div class=\"elementor-element elementor-element-99dd7b4 elementor-widget elementor-widget-heading\" data-id=\"99dd7b4\" data-element_type=\"widget\" data-e-type=\"widget\" data-widget_type=\"heading.default\">\n\t\t\t\t<div class=\"elementor-widget-container\">\n\t\t\t\t\t<h2 class=\"elementor-heading-title elementor-size-default\">Postulez facilement<\/h2>\t\t\t\t<\/div>\n\t\t\t\t<\/div>\n\t\t\t\t<div class=\"elementor-element elementor-element-d0c1b69 elementor-button-align-stretch elementor-widget elementor-widget-form\" data-id=\"d0c1b69\" data-element_type=\"widget\" data-e-type=\"widget\" data-settings=\"{&quot;step_next_label&quot;:&quot;Suivant&quot;,&quot;step_previous_label&quot;:&quot;Pr\\u00e9c\\u00e9dent&quot;,&quot;button_width&quot;:&quot;100&quot;,&quot;step_type&quot;:&quot;number_text&quot;,&quot;step_icon_shape&quot;:&quot;circle&quot;}\" data-widget_type=\"form.default\">\n\t\t\t\t<div class=\"elementor-widget-container\">\n\t\t\t\t\t\t\t<form class=\"elementor-form\" method=\"post\" name=\"Nouveau formulaire\" aria-label=\"Nouveau formulaire\">\n\t\t\t<input type=\"hidden\" name=\"post_id\" value=\"2604\"\/>\n\t\t\t<input type=\"hidden\" name=\"form_id\" value=\"d0c1b69\"\/>\n\t\t\t<input type=\"hidden\" name=\"referer_title\" value=\"\" \/>\n\n\t\t\t\n\t\t\t<div class=\"elementor-form-fields-wrapper elementor-labels-above\">\n\t\t\t\t\t\t\t\t<div class=\"elementor-field-type-text elementor-field-group elementor-column elementor-field-group-name elementor-col-100 elementor-field-required elementor-mark-required\">\n\t\t\t\t\t\t\t\t\t\t\t\t\t<input size=\"1\" type=\"text\" name=\"form_fields[name]\" id=\"form-field-name\" class=\"elementor-field elementor-size-sm  elementor-field-textual\" placeholder=\"Pr\u00e9nom\" required=\"required\">\n\t\t\t\t\t\t\t\t\t\t\t<\/div>\n\t\t\t\t\t\t\t\t<div class=\"elementor-field-type-text elementor-field-group elementor-column elementor-field-group-field_6d3a8af elementor-col-100 elementor-field-required elementor-mark-required\">\n\t\t\t\t\t\t\t\t\t\t\t\t\t<input size=\"1\" type=\"text\" name=\"form_fields[field_6d3a8af]\" id=\"form-field-field_6d3a8af\" class=\"elementor-field elementor-size-sm  elementor-field-textual\" placeholder=\"Nom\" required=\"required\">\n\t\t\t\t\t\t\t\t\t\t\t<\/div>\n\t\t\t\t\t\t\t\t<div class=\"elementor-field-type-text elementor-field-group elementor-column elementor-field-group-field_ee88d24 elementor-col-100\">\n\t\t\t\t\t\t\t\t\t\t\t\t\t<input size=\"1\" type=\"text\" name=\"form_fields[field_ee88d24]\" id=\"form-field-field_ee88d24\" class=\"elementor-field elementor-size-sm  elementor-field-textual\" placeholder=\"Post-nom\">\n\t\t\t\t\t\t\t\t\t\t\t<\/div>\n\t\t\t\t\t\t\t\t<div class=\"elementor-field-type-date elementor-field-group elementor-column elementor-field-group-field_37ccfb6 elementor-col-100\">\n\t\t\t\t\t\n\t\t<input type=\"date\" name=\"form_fields[field_37ccfb6]\" id=\"form-field-field_37ccfb6\" class=\"elementor-field elementor-size-sm  elementor-field-textual elementor-date-field\" placeholder=\"Date de naissance\" pattern=\"[0-9]{4}-[0-9]{2}-[0-9]{2}\">\n\t\t\t\t\t\t<\/div>\n\t\t\t\t\t\t\t\t<div class=\"elementor-field-type-email elementor-field-group elementor-column elementor-field-group-email elementor-col-100 elementor-field-required elementor-mark-required\">\n\t\t\t\t\t\t\t\t\t\t\t\t\t<input size=\"1\" type=\"email\" name=\"form_fields[email]\" id=\"form-field-email\" class=\"elementor-field elementor-size-sm  elementor-field-textual\" placeholder=\"E-mail\" required=\"required\">\n\t\t\t\t\t\t\t\t\t\t\t<\/div>\n\t\t\t\t\t\t\t\t<div class=\"elementor-field-type-tel elementor-field-group elementor-column elementor-field-group-field_a7dd928 elementor-col-100 elementor-field-required elementor-mark-required\">\n\t\t\t\t\t\t\t<input size=\"1\" type=\"tel\" name=\"form_fields[field_a7dd928]\" id=\"form-field-field_a7dd928\" class=\"elementor-field elementor-size-sm  elementor-field-textual\" placeholder=\"Num\u00e9ro de t\u00e9l\u00e9phone\" required=\"required\" pattern=\"[0-9()#&amp;+*-=.]+\" title=\"Only numbers and phone characters (#, -, *, etc) are accepted.\">\n\n\t\t\t\t\t\t<\/div>\n\t\t\t\t\t\t\t\t<div class=\"elementor-field-type-text elementor-field-group elementor-column elementor-field-group-field_abeafa9 elementor-col-100 elementor-field-required elementor-mark-required\">\n\t\t\t\t\t\t\t\t\t\t\t\t\t<input size=\"1\" type=\"text\" name=\"form_fields[field_abeafa9]\" id=\"form-field-field_abeafa9\" class=\"elementor-field elementor-size-sm  elementor-field-textual\" placeholder=\"Lieu de r\u00e9sidence\" required=\"required\">\n\t\t\t\t\t\t\t\t\t\t\t<\/div>\n\t\t\t\t\t\t\t\t<div class=\"elementor-field-type-upload elementor-field-group elementor-column elementor-field-group-field_26f166b elementor-col-100 elementor-field-required elementor-mark-required\">\n\t\t\t\t\t\t\t\t\t\t\t\t<label for=\"form-field-field_26f166b\" class=\"elementor-field-label\">\n\t\t\t\t\t\t\t\tExp\u00e9rience professionnelle, CV\t\t\t\t\t\t\t<\/label>\n\t\t\t\t\t\t\t\t<input type=\"file\" name=\"form_fields[field_26f166b][]\" id=\"form-field-field_26f166b\" class=\"elementor-field elementor-size-sm  elementor-upload-field\" required=\"required\" multiple=\"multiple\">\n\n\t\t\t\t\t\t<\/div>\n\t\t\t\t\t\t\t\t<div class=\"elementor-field-group elementor-column elementor-field-type-submit elementor-col-100 e-form__buttons\">\n\t\t\t\t\t<button class=\"elementor-button elementor-size-sm\" type=\"submit\">\n\t\t\t\t\t\t<span class=\"elementor-button-content-wrapper\">\n\t\t\t\t\t\t\t\t\t\t\t\t\t\t\t\t\t\t\t\t\t\t<span class=\"elementor-button-text\">Postuler<\/span>\n\t\t\t\t\t\t\t\t\t\t\t\t\t<\/span>\n\t\t\t\t\t<\/button>\n\t\t\t\t<\/div>\n\t\t\t<\/div>\n\t\t<\/form>\n\t\t\t\t\t\t<\/div>\n\t\t\t\t<\/div>\n\t\t\t\t<\/div>\n\t\t\t\t\t<\/div>\n\t\t\t\t<\/div>\n\t\t\t\t<\/div>\n\t\t","protected":false},"excerpt":{"rendered":"<p>Consultant en \u00e9laboration du plan strategique et plan d\u2019action 1. Contexte et justification Le Conseil Congolais de la batterie (CCB), e\u0301tablissement public cre\u0301e\u0301 par de\u0301cret n\u00b022\/43 du 06 de\u0301cembre 2022. Il a pour mission la gestion de la chai\u0302ne de valeur des batteries et des ve\u0301hicules e\u0301lectriques ainsi que des e\u0301nergies propres. Le CCB, de\u0301ja\u0300 [&hellip;]<\/p>\n","protected":false},"author":0,"featured_media":0,"parent":0,"menu_order":0,"comment_status":"closed","ping_status":"closed","template":"","meta":{"footnotes":""},"class_list":["post-2604","page","type-page","status-publish","hentry"],"blocksy_meta":[],"_links":{"self":[{"href":"https:\/\/ccb.cd\/en\/wp-json\/wp\/v2\/pages\/2604","targetHints":{"allow":["GET"]}}],"collection":[{"href":"https:\/\/ccb.cd\/en\/wp-json\/wp\/v2\/pages"}],"about":[{"href":"https:\/\/ccb.cd\/en\/wp-json\/wp\/v2\/types\/page"}],"replies":[{"embeddable":true,"href":"https:\/\/ccb.cd\/en\/wp-json\/wp\/v2\/comments?post=2604"}],"version-history":[{"count":28,"href":"https:\/\/ccb.cd\/en\/wp-json\/wp\/v2\/pages\/2604\/revisions"}],"predecessor-version":[{"id":2637,"href":"https:\/\/ccb.cd\/en\/wp-json\/wp\/v2\/pages\/2604\/revisions\/2637"}],"wp:attachment":[{"href":"https:\/\/ccb.cd\/en\/wp-json\/wp\/v2\/media?parent=2604"}],"curies":[{"name":"wp","href":"https:\/\/api.w.org\/{rel}","templated":true}]}}