{"id":835,"date":"2022-06-09T17:18:39","date_gmt":"2022-06-09T17:18:39","guid":{"rendered":"https:\/\/demo.creativethemes.com\/elementor\/persona\/?page_id=835"},"modified":"2023-08-12T10:13:33","modified_gmt":"2023-08-12T10:13:33","slug":"a-propos","status":"publish","type":"page","link":"https:\/\/ccb.cd\/en\/a-propos\/","title":{"rendered":"About"},"content":{"rendered":"<div data-elementor-type=\"wp-page\" data-elementor-id=\"835\" class=\"elementor elementor-835\" data-elementor-post-type=\"page\">\n\t\t\t\t<div class=\"elementor-element elementor-element-db4978f animated-slow e-flex e-con-boxed elementor-invisible e-con e-parent\" data-id=\"db4978f\" data-element_type=\"container\" data-e-type=\"container\" data-settings=\"{&quot;animation&quot;:&quot;fadeIn&quot;}\">\n\t\t\t\t\t<div class=\"e-con-inner\">\n\t\t\t\t<div class=\"elementor-element elementor-element-268d2c8 elementor-widget elementor-widget-text-editor\" data-id=\"268d2c8\" data-element_type=\"widget\" data-e-type=\"widget\" data-widget_type=\"text-editor.default\">\n\t\t\t\t<div class=\"elementor-widget-container\">\n\t\t\t\t\t\t\t\t\t<p>The current energy system contributes to many environmental problems, including global warming, the consequences of which have already been felt for several decades.<\/p><p>The world of tomorrow will no longer be able to afford the pollution that we still experience today. New strategies are needed for a transition to clean and renewable energies. The Democratic Republic of Congo is at the center of this energy transition, with its large reserve of natural resources necessary for the manufacture of various batteries.<\/p><p>The Congolese Battery Council is a public institution that was created for the purpose of setting up, promoting and managing a value chain for the minerals used in the manufacture of batteries.<\/p>\t\t\t\t\t\t\t\t<\/div>\n\t\t\t\t<\/div>\n\t\t\t\t\t<\/div>\n\t\t\t\t<\/div>\n\t\t<div class=\"elementor-element elementor-element-0392eb4 e-flex e-con-boxed e-con e-parent\" data-id=\"0392eb4\" data-element_type=\"container\" data-e-type=\"container\">\n\t\t\t\t\t<div class=\"e-con-inner\">\n\t\t\t\t<div class=\"elementor-element elementor-element-974db6b elementor-widget elementor-widget-spacer\" data-id=\"974db6b\" data-element_type=\"widget\" data-e-type=\"widget\" data-widget_type=\"spacer.default\">\n\t\t\t\t<div class=\"elementor-widget-container\">\n\t\t\t\t\t\t\t<div class=\"elementor-spacer\">\n\t\t\t<div class=\"elementor-spacer-inner\"><\/div>\n\t\t<\/div>\n\t\t\t\t\t\t<\/div>\n\t\t\t\t<\/div>\n\t\t\t\t<div class=\"elementor-element elementor-element-ecac7c8 animated-slow elementor-invisible elementor-widget elementor-widget-heading\" data-id=\"ecac7c8\" data-element_type=\"widget\" data-e-type=\"widget\" data-settings=\"{&quot;_animation&quot;:&quot;fadeInRight&quot;}\" data-widget_type=\"heading.default\">\n\t\t\t\t<div class=\"elementor-widget-container\">\n\t\t\t\t\t<h2 class=\"elementor-heading-title elementor-size-default\">Our story<\/h2>\t\t\t\t<\/div>\n\t\t\t\t<\/div>\n\t\t\t\t<div class=\"elementor-element elementor-element-004b2ea animated-slow elementor-invisible elementor-widget elementor-widget-timeline-widget-addon\" data-id=\"004b2ea\" data-element_type=\"widget\" data-e-type=\"widget\" data-settings=\"{&quot;_animation&quot;:&quot;fadeInRight&quot;}\" data-widget_type=\"timeline-widget-addon.default\">\n\t\t\t\t<div class=\"elementor-widget-container\">\n\t\t\t\t\t<!-- ========= Timeline Widget  Addon For Elementor 1.6.24 ========= -->\n<div id=\"twae-wrapper-004b2ea\" class=\"twae-wrapper twae-horizontal-timeline\">\n<div class=\"twae-wrapper-inside\">\n <div id=\"twae-slider-container-004b2ea\" data-dir=\"\" data-slidestoshow=\"3\" data-autoplay=\"false\" data-auto-height=\"true\" class=\"twae-slider-container swiper-container\">\n <div  class=\"twae-slider-wrapper swiper-wrapper no-height\"><!-- Start of Story Repeater Content --><div id=\"twae-article-cfe6ce3\" class=\"twae-repeater-item twae-story swiper-slide twae-story-no-icon\"><!-- Story Label --><div class=\"twae-labels\"><div class=\"twae-label-big\">24 novembre 2021<\/div><div class=\"twae-label-small\">The genesis<\/div><\/div><!-- Story Icon --><div class=\"twae-icon\"><i aria-hidden=\"true\" class=\"far fa-clock\"><\/i><\/div><!-- Story Arrow --><div class=\"twae-arrow\"><\/div><!-- Start of Story Content --><div class=\"twae-content\"><!-- Story Image --><div class=\"twae-media medium_large\"><img fetchpriority=\"high\" decoding=\"async\" width=\"768\" height=\"432\" src=\"https:\/\/ccb.cd\/wp-content\/uploads\/2023\/05\/Sans-titre-1-768x432.png\" class=\"attachment-medium_large size-medium_large\" alt=\"\" srcset=\"https:\/\/ccb.cd\/wp-content\/uploads\/2023\/05\/Sans-titre-1-768x432.png 768w, https:\/\/ccb.cd\/wp-content\/uploads\/2023\/05\/Sans-titre-1-300x169.png 300w, https:\/\/ccb.cd\/wp-content\/uploads\/2023\/05\/Sans-titre-1-1024x576.png 1024w, https:\/\/ccb.cd\/wp-content\/uploads\/2023\/05\/Sans-titre-1-1536x864.png 1536w, https:\/\/ccb.cd\/wp-content\/uploads\/2023\/05\/Sans-titre-1-18x10.png 18w, https:\/\/ccb.cd\/wp-content\/uploads\/2023\/05\/Sans-titre-1.png 1920w\" sizes=\"(max-width: 768px) 100vw, 768px\" \/><\/div><!-- Story Title --><div class=\"twae-title\">Africa Business Forum<\/div><!-- Story Description --><div class=\"twae-description\"><p>At the DRC-Africa Bussiness Forum conference held in Kinshasa in November 2021, President Tshisekedi reiterated his country's determination to manufacture batteries and electric vehicles. He invited his African counterparts to take ownership of the electric battery production project, and to insert Africa into the vast market of electric vehicles and clean energy.<\/p><\/div><\/div><\/div><!-- Start of Story Repeater Content --><div id=\"twae-article-83467ff\" class=\"twae-repeater-item twae-story swiper-slide twae-story-no-icon\"><!-- Story Label --><div class=\"twae-labels\"><div class=\"twae-label-big twae-label-big\">1 May 2022<\/div><div class=\"twae-label-small twae-label-small\">The preparation<\/div><\/div><!-- Story Icon --><div class=\"twae-icon\"><i aria-hidden=\"true\" class=\"far fa-clock\"><\/i><\/div><!-- Story Arrow --><div class=\"twae-arrow\"><\/div><!-- Start of Story Content --><div class=\"twae-content\"><!-- Story Image --><div class=\"twae-media medium_large\"><img decoding=\"async\" width=\"768\" height=\"432\" src=\"https:\/\/ccb.cd\/wp-content\/uploads\/2023\/05\/Sans-titre-2-1-768x432.png\" class=\"attachment-medium_large size-medium_large\" alt=\"\" srcset=\"https:\/\/ccb.cd\/wp-content\/uploads\/2023\/05\/Sans-titre-2-1-768x432.png 768w, https:\/\/ccb.cd\/wp-content\/uploads\/2023\/05\/Sans-titre-2-1-300x169.png 300w, https:\/\/ccb.cd\/wp-content\/uploads\/2023\/05\/Sans-titre-2-1-1024x576.png 1024w, https:\/\/ccb.cd\/wp-content\/uploads\/2023\/05\/Sans-titre-2-1-1536x864.png 1536w, https:\/\/ccb.cd\/wp-content\/uploads\/2023\/05\/Sans-titre-2-1-18x10.png 18w, https:\/\/ccb.cd\/wp-content\/uploads\/2023\/05\/Sans-titre-2-1.png 1920w\" sizes=\"(max-width: 768px) 100vw, 768px\" \/><\/div><!-- Story Title --><div class=\"twae-title twae-title\">Collaboration agreement<\/div><!-- Story Description --><div class=\"twae-description twae-description\"><p>President F\u00e9lix Antoine Tshisekedi Tshilombo and his Zambian counterpart, Hakainde Hichilema, have decided to strengthen their countries' position in the production of electric batteries by signing a collaboration agreement between the DRC and Zambia on the joint management of a battery manufacturing project. The two countries intend, through a joint project, to develop their lithium reserves.<\/p><\/div><\/div><\/div><!-- Start of Story Repeater Content --><div id=\"twae-article-d389ce2\" class=\"twae-repeater-item twae-story swiper-slide twae-story-no-icon\"><!-- Story Label --><div class=\"twae-labels\"><div class=\"twae-label-big twae-label-big twae-label-big\">6 December 2022<\/div><div class=\"twae-label-small twae-label-small twae-label-small\">The realisation<\/div><\/div><!-- Story Icon --><div class=\"twae-icon\"><i aria-hidden=\"true\" class=\"far fa-clock\"><\/i><\/div><!-- Story Arrow --><div class=\"twae-arrow\"><\/div><!-- Start of Story Content --><div class=\"twae-content\"><!-- Story Image --><div class=\"twae-media medium_large\"><img decoding=\"async\" width=\"768\" height=\"432\" src=\"https:\/\/ccb.cd\/wp-content\/uploads\/2023\/05\/Sans-titre-3-768x432.png\" class=\"attachment-medium_large size-medium_large\" alt=\"\" srcset=\"https:\/\/ccb.cd\/wp-content\/uploads\/2023\/05\/Sans-titre-3-768x432.png 768w, https:\/\/ccb.cd\/wp-content\/uploads\/2023\/05\/Sans-titre-3-300x169.png 300w, https:\/\/ccb.cd\/wp-content\/uploads\/2023\/05\/Sans-titre-3-1024x576.png 1024w, https:\/\/ccb.cd\/wp-content\/uploads\/2023\/05\/Sans-titre-3-1536x864.png 1536w, https:\/\/ccb.cd\/wp-content\/uploads\/2023\/05\/Sans-titre-3-18x10.png 18w, https:\/\/ccb.cd\/wp-content\/uploads\/2023\/05\/Sans-titre-3.png 1920w\" sizes=\"(max-width: 768px) 100vw, 768px\" \/><\/div><!-- Story Title --><div class=\"twae-title twae-title twae-title\">Creation of the CCB<\/div><!-- Story Description --><div class=\"twae-description twae-description twae-description\"><p>The Congolese Battery Council (CCB) was created by decree of the Prime Minister Sama Lukonde on 6 December 2022. The purpose of the CCB is to manage the value chain of batteries and electric vehicles.<\/p><\/div><\/div><\/div><\/div><\/div><\/div> <!-- Add Arrows -->\n       <div class=\"twae-button-prev\"><i class=\"fas fa-chevron-left\"><\/i><\/div>\n       <div class=\"twae-button-next\"><i class=\"fas fa-chevron-right\"><\/i><\/div>\n       <div class=\"twae-h-line\"><\/div>\n       <div class=\"twae-line-fill\"><\/div>\n    <\/div><style type=\"text\/css\">@media (max-width: 1024px){ .twae-wrapper{--tw-ybx-size: 75px !important;}}@media (max-width: 767px){ .twae-wrapper{--tw-ybx-size: 75px !important}}<\/style>\t\t\t\t<\/div>\n\t\t\t\t<\/div>\n\t\t\t\t\t<\/div>\n\t\t\t\t<\/div>\n\t\t<div class=\"elementor-element elementor-element-5cd0891 e-flex e-con-boxed e-con e-parent\" data-id=\"5cd0891\" data-element_type=\"container\" data-e-type=\"container\">\n\t\t\t\t\t<div class=\"e-con-inner\">\n\t\t<div class=\"elementor-element elementor-element-04e6b6a e-flex e-con-boxed e-con e-parent\" data-id=\"04e6b6a\" data-element_type=\"container\" data-e-type=\"container\">\n\t\t\t\t\t<div class=\"e-con-inner\">\n\t\t\t\t<div class=\"elementor-element elementor-element-ab59da1 animated-slow elementor-invisible elementor-widget elementor-widget-text-editor\" data-id=\"ab59da1\" data-element_type=\"widget\" data-e-type=\"widget\" data-settings=\"{&quot;_animation&quot;:&quot;fadeInUp&quot;}\" data-widget_type=\"text-editor.default\">\n\t\t\t\t<div class=\"elementor-widget-container\">\n\t\t\t\t\t\t\t\t\t<div class=\"page\" title=\"Page 1\"><div class=\"layoutArea\"><div class=\"column\"><p>The organic structures of the Congolese Battery Council are :<\/p><ul><li>The Board of Directors\u00a0<\/li><li>The General Management\u00a0<\/li><li>The Board of Auditors\u00a0<\/li><\/ul><\/div><\/div><\/div>\t\t\t\t\t\t\t\t<\/div>\n\t\t\t\t<\/div>\n\t\t\t\t\t<\/div>\n\t\t\t\t<\/div>\n\t\t\t\t<div class=\"elementor-element elementor-element-fea6de6 animated-slow elementor-invisible elementor-widget elementor-widget-heading\" data-id=\"fea6de6\" data-element_type=\"widget\" data-e-type=\"widget\" data-settings=\"{&quot;_animation&quot;:&quot;fadeInUp&quot;}\" data-widget_type=\"heading.default\">\n\t\t\t\t<div class=\"elementor-widget-container\">\n\t\t\t\t\t<h2 class=\"elementor-heading-title elementor-size-default\">The purpose of the Congolese Battery Council is to manage the value chain of batteries and electric vehicles. As such, it is responsible for :<\/h2>\t\t\t\t<\/div>\n\t\t\t\t<\/div>\n\t\t<div class=\"elementor-element elementor-element-3a0bc4c animated-slow e-con-full e-flex elementor-invisible e-con e-parent\" data-id=\"3a0bc4c\" data-element_type=\"container\" data-e-type=\"container\" data-settings=\"{&quot;animation&quot;:&quot;fadeInUp&quot;}\">\n\t\t\t\t<div class=\"elementor-element elementor-element-c629403 elementor-tabs-alignment-stretch elementor-tabs-view-horizontal elementor-widget elementor-widget-tabs\" data-id=\"c629403\" data-element_type=\"widget\" data-e-type=\"widget\" data-widget_type=\"tabs.default\">\n\t\t\t\t<div class=\"elementor-widget-container\">\n\t\t\t\t\t\t\t<div class=\"elementor-tabs\">\n\t\t\t<div class=\"elementor-tabs-wrapper\" role=\"tablist\" >\n\t\t\t\t\t\t\t\t\t<div id=\"elementor-tab-title-2071\" class=\"elementor-tab-title elementor-tab-desktop-title\" aria-selected=\"true\" data-tab=\"1\" role=\"tab\" tabindex=\"0\" aria-controls=\"elementor-tab-content-2071\" aria-expanded=\"false\">Investments<\/div>\n\t\t\t\t\t\t\t\t\t<div id=\"elementor-tab-title-2072\" class=\"elementor-tab-title elementor-tab-desktop-title\" aria-selected=\"false\" data-tab=\"2\" role=\"tab\" tabindex=\"-1\" aria-controls=\"elementor-tab-content-2072\" aria-expanded=\"false\">Supply<\/div>\n\t\t\t\t\t\t\t\t\t<div id=\"elementor-tab-title-2073\" class=\"elementor-tab-title elementor-tab-desktop-title\" aria-selected=\"false\" data-tab=\"3\" role=\"tab\" tabindex=\"-1\" aria-controls=\"elementor-tab-content-2073\" aria-expanded=\"false\">Precursors<\/div>\n\t\t\t\t\t\t\t\t\t<div id=\"elementor-tab-title-2074\" class=\"elementor-tab-title elementor-tab-desktop-title\" aria-selected=\"false\" data-tab=\"4\" role=\"tab\" tabindex=\"-1\" aria-controls=\"elementor-tab-content-2074\" aria-expanded=\"false\">Raw materials<\/div>\n\t\t\t\t\t\t\t\t\t<div id=\"elementor-tab-title-2075\" class=\"elementor-tab-title elementor-tab-desktop-title\" aria-selected=\"false\" data-tab=\"5\" role=\"tab\" tabindex=\"-1\" aria-controls=\"elementor-tab-content-2075\" aria-expanded=\"false\">Trade<\/div>\n\t\t\t\t\t\t\t\t\t<div id=\"elementor-tab-title-2076\" class=\"elementor-tab-title elementor-tab-desktop-title\" aria-selected=\"false\" data-tab=\"6\" role=\"tab\" tabindex=\"-1\" aria-controls=\"elementor-tab-content-2076\" aria-expanded=\"false\">Awareness raising<\/div>\n\t\t\t\t\t\t\t\t\t<div id=\"elementor-tab-title-2077\" class=\"elementor-tab-title elementor-tab-desktop-title\" aria-selected=\"false\" data-tab=\"7\" role=\"tab\" tabindex=\"-1\" aria-controls=\"elementor-tab-content-2077\" aria-expanded=\"false\">Data<\/div>\n\t\t\t\t\t\t\t\t\t<div id=\"elementor-tab-title-2078\" class=\"elementor-tab-title elementor-tab-desktop-title\" aria-selected=\"false\" data-tab=\"8\" role=\"tab\" tabindex=\"-1\" aria-controls=\"elementor-tab-content-2078\" aria-expanded=\"false\">Collaboration<\/div>\n\t\t\t\t\t\t\t<\/div>\n\t\t\t<div class=\"elementor-tabs-content-wrapper\" role=\"tablist\" aria-orientation=\"vertical\">\n\t\t\t\t\t\t\t\t\t<div class=\"elementor-tab-title elementor-tab-mobile-title\" aria-selected=\"true\" data-tab=\"1\" role=\"tab\" tabindex=\"0\" aria-controls=\"elementor-tab-content-2071\" aria-expanded=\"false\">Investments<\/div>\n\t\t\t\t\t<div id=\"elementor-tab-content-2071\" class=\"elementor-tab-content elementor-clearfix\" data-tab=\"1\" role=\"tabpanel\" aria-labelledby=\"elementor-tab-title-2071\" tabindex=\"0\" hidden=\"false\"><div class=\"page\" title=\"Page 1\"><div class=\"layoutArea\"><div class=\"column\"><p>Identify partnerships to attract and promote investment, innovation and technology for the processing of strategic minerals used in batteries<\/p><\/div><\/div><\/div><\/div>\n\t\t\t\t\t\t\t\t\t<div class=\"elementor-tab-title elementor-tab-mobile-title\" aria-selected=\"false\" data-tab=\"2\" role=\"tab\" tabindex=\"-1\" aria-controls=\"elementor-tab-content-2072\" aria-expanded=\"false\">Supply<\/div>\n\t\t\t\t\t<div id=\"elementor-tab-content-2072\" class=\"elementor-tab-content elementor-clearfix\" data-tab=\"2\" role=\"tabpanel\" aria-labelledby=\"elementor-tab-title-2072\" tabindex=\"0\" hidden=\"hidden\"><div class=\"page\" title=\"Page 1\"><div class=\"layoutArea\"><div class=\"column\"><p>To ensure the supply of raw materials to industrialists in the electric battery manufacturing sector<\/p><\/div><\/div><\/div><\/div>\n\t\t\t\t\t\t\t\t\t<div class=\"elementor-tab-title elementor-tab-mobile-title\" aria-selected=\"false\" data-tab=\"3\" role=\"tab\" tabindex=\"-1\" aria-controls=\"elementor-tab-content-2073\" aria-expanded=\"false\">Precursors<\/div>\n\t\t\t\t\t<div id=\"elementor-tab-content-2073\" class=\"elementor-tab-content elementor-clearfix\" data-tab=\"3\" role=\"tabpanel\" aria-labelledby=\"elementor-tab-title-2073\" tabindex=\"0\" hidden=\"hidden\"><div class=\"page\" title=\"Page 1\"><div class=\"layoutArea\"><div class=\"column\"><p>Propose and implement production standards for battery precursors and electric vehicles in the Democratic Republic of Congo<\/p><\/div><\/div><\/div><\/div>\n\t\t\t\t\t\t\t\t\t<div class=\"elementor-tab-title elementor-tab-mobile-title\" aria-selected=\"false\" data-tab=\"4\" role=\"tab\" tabindex=\"-1\" aria-controls=\"elementor-tab-content-2074\" aria-expanded=\"false\">Raw materials<\/div>\n\t\t\t\t\t<div id=\"elementor-tab-content-2074\" class=\"elementor-tab-content elementor-clearfix\" data-tab=\"4\" role=\"tabpanel\" aria-labelledby=\"elementor-tab-title-2074\" tabindex=\"0\" hidden=\"hidden\"><div class=\"page\" title=\"Page 1\"><div class=\"layoutArea\"><div class=\"column\"><p>Propose and implement production standards for raw materials used in the manufacture of battery precursors and electric vehicles<\/p><\/div><\/div><\/div><\/div>\n\t\t\t\t\t\t\t\t\t<div class=\"elementor-tab-title elementor-tab-mobile-title\" aria-selected=\"false\" data-tab=\"5\" role=\"tab\" tabindex=\"-1\" aria-controls=\"elementor-tab-content-2075\" aria-expanded=\"false\">Trade<\/div>\n\t\t\t\t\t<div id=\"elementor-tab-content-2075\" class=\"elementor-tab-content elementor-clearfix\" data-tab=\"5\" role=\"tabpanel\" aria-labelledby=\"elementor-tab-title-2075\" tabindex=\"0\" hidden=\"hidden\"><div class=\"page\" title=\"Page 1\"><div class=\"layoutArea\"><div class=\"column\"><p>Accelerate intra-African trade and collaboration to unlock the potential for innovation along the battery value chain<\/p><\/div><\/div><\/div><\/div>\n\t\t\t\t\t\t\t\t\t<div class=\"elementor-tab-title elementor-tab-mobile-title\" aria-selected=\"false\" data-tab=\"6\" role=\"tab\" tabindex=\"-1\" aria-controls=\"elementor-tab-content-2076\" aria-expanded=\"false\">Awareness raising<\/div>\n\t\t\t\t\t<div id=\"elementor-tab-content-2076\" class=\"elementor-tab-content elementor-clearfix\" data-tab=\"6\" role=\"tabpanel\" aria-labelledby=\"elementor-tab-title-2076\" tabindex=\"0\" hidden=\"hidden\"><div class=\"page\" title=\"Page 1\"><div class=\"layoutArea\"><div class=\"column\"><p>Initiate awareness-raising missions with partners to promote the exchange of innovative ideas to ensure the sustainable contribution of the battery value chain to the Congolese economy<\/p><\/div><\/div><\/div><\/div>\n\t\t\t\t\t\t\t\t\t<div class=\"elementor-tab-title elementor-tab-mobile-title\" aria-selected=\"false\" data-tab=\"7\" role=\"tab\" tabindex=\"-1\" aria-controls=\"elementor-tab-content-2077\" aria-expanded=\"false\">Data<\/div>\n\t\t\t\t\t<div id=\"elementor-tab-content-2077\" class=\"elementor-tab-content elementor-clearfix\" data-tab=\"7\" role=\"tabpanel\" aria-labelledby=\"elementor-tab-title-2077\" tabindex=\"0\" hidden=\"hidden\"><div class=\"page\" title=\"Page 1\"><div class=\"layoutArea\"><div class=\"column\"><p>Produce studies, statistical data and information related to the battery, clean energy and electric vehicle value chain in the Democratic Republic of Congo and in Africa<\/p><\/div><\/div><\/div><\/div>\n\t\t\t\t\t\t\t\t\t<div class=\"elementor-tab-title elementor-tab-mobile-title\" aria-selected=\"false\" data-tab=\"8\" role=\"tab\" tabindex=\"-1\" aria-controls=\"elementor-tab-content-2078\" aria-expanded=\"false\">Collaboration<\/div>\n\t\t\t\t\t<div id=\"elementor-tab-content-2078\" class=\"elementor-tab-content elementor-clearfix\" data-tab=\"8\" role=\"tabpanel\" aria-labelledby=\"elementor-tab-title-2078\" tabindex=\"0\" hidden=\"hidden\"><div class=\"page\" title=\"Page 1\"><div class=\"layoutArea\"><div class=\"column\"><p>To collaborate on behalf of the Democratic Republic of Congo with other battery councils around the world<\/p><\/div><\/div><\/div><\/div>\n\t\t\t\t\t\t\t<\/div>\n\t\t<\/div>\n\t\t\t\t\t\t<\/div>\n\t\t\t\t<\/div>\n\t\t\t\t<\/div>\n\t\t\t\t\t<\/div>\n\t\t\t\t<\/div>\n\t\t\t\t<\/div>","protected":false},"excerpt":{"rendered":"<p>Le syst\u00e8me \u00e9nerg\u00e9tique actuel contribue \u00e0 de nombreux probl\u00e8mes environnementaux, notamment le r\u00e9chauffement climatique, dont les cons\u00e9quences se font ressentir d\u00e9j\u00e0 depuis quelques d\u00e9cennies. Le monde de demain ne pourra plus se permettre la pollution que nous connaissons encore aujourd\u2019hui. De nouvelles strat\u00e9gies s\u2019imposent pour une transition vers des \u00e9nergies propres et renouvelables. La R\u00e9publique [&hellip;]<\/p>\n","protected":false},"author":0,"featured_media":2377,"parent":0,"menu_order":0,"comment_status":"closed","ping_status":"closed","template":"","meta":{"footnotes":""},"class_list":["post-835","page","type-page","status-publish","has-post-thumbnail","hentry"],"blocksy_meta":{"styles_descriptor":{"styles":{"desktop":"","tablet":"","mobile":""},"google_fonts":[],"version":6}},"_links":{"self":[{"href":"https:\/\/ccb.cd\/en\/wp-json\/wp\/v2\/pages\/835","targetHints":{"allow":["GET"]}}],"collection":[{"href":"https:\/\/ccb.cd\/en\/wp-json\/wp\/v2\/pages"}],"about":[{"href":"https:\/\/ccb.cd\/en\/wp-json\/wp\/v2\/types\/page"}],"replies":[{"embeddable":true,"href":"https:\/\/ccb.cd\/en\/wp-json\/wp\/v2\/comments?post=835"}],"version-history":[{"count":0,"href":"https:\/\/ccb.cd\/en\/wp-json\/wp\/v2\/pages\/835\/revisions"}],"wp:featuredmedia":[{"embeddable":true,"href":"https:\/\/ccb.cd\/en\/wp-json\/wp\/v2\/media\/2377"}],"wp:attachment":[{"href":"https:\/\/ccb.cd\/en\/wp-json\/wp\/v2\/media?parent=835"}],"curies":[{"name":"wp","href":"https:\/\/api.w.org\/{rel}","templated":true}]}}